{"id":10,"date":"2021-12-06T13:15:10","date_gmt":"2021-12-06T16:15:10","guid":{"rendered":"http:\/\/campuscpp.com.br\/?page_id=10"},"modified":"2021-12-07T16:56:59","modified_gmt":"2021-12-07T19:56:59","slug":"campus-cpp","status":"publish","type":"page","link":"https:\/\/campuscpp.com.br\/","title":{"rendered":"Campus CPP"},"content":{"rendered":"\t\t<div data-elementor-type=\"wp-page\" data-elementor-id=\"10\" class=\"elementor elementor-10\" data-elementor-settings=\"[]\">\n\t\t\t\t\t\t\t<div class=\"elementor-section-wrap\">\n\t\t\t\t\t\t\t<section class=\"elementor-section elementor-top-section elementor-element elementor-element-29b74ac elementor-section-boxed elementor-section-height-default elementor-section-height-default\" data-id=\"29b74ac\" data-element_type=\"section\">\n\t\t\t\t\t\t\t<div class=\"elementor-background-overlay\"><\/div>\n\t\t\t\t\t\t\t<div class=\"elementor-container elementor-column-gap-default\">\n\t\t\t\t\t<div class=\"elementor-column elementor-col-100 elementor-top-column elementor-element elementor-element-6d3136c\" data-id=\"6d3136c\" data-element_type=\"column\">\n\t\t\t<div class=\"elementor-widget-wrap elementor-element-populated\">\n\t\t\t\t\t\t\t\t<section class=\"elementor-section elementor-inner-section elementor-element elementor-element-0772668 elementor-section-boxed elementor-section-height-default elementor-section-height-default\" data-id=\"0772668\" data-element_type=\"section\">\n\t\t\t\t\t\t<div class=\"elementor-container elementor-column-gap-default\">\n\t\t\t\t\t<div class=\"elementor-column elementor-col-50 elementor-inner-column elementor-element elementor-element-e616dd1\" data-id=\"e616dd1\" data-element_type=\"column\">\n\t\t\t<div class=\"elementor-widget-wrap elementor-element-populated\">\n\t\t\t\t\t\t\t\t<div class=\"elementor-element elementor-element-f8a34ec elementor-invisible elementor-widget elementor-widget-image\" data-id=\"f8a34ec\" data-element_type=\"widget\" data-settings=\"{&quot;_animation&quot;:&quot;slideInDown&quot;}\" data-widget_type=\"image.default\">\n\t\t\t\t<div class=\"elementor-widget-container\">\n\t\t\t\t\t\t\t\t\t\t\t\t\t\t\t<img loading=\"lazy\" decoding=\"async\" width=\"800\" height=\"385\" src=\"https:\/\/campuscpp.com.br\/wp-content\/uploads\/2021\/12\/tai4-1024x493.png\" class=\"attachment-large size-large\" alt=\"\" srcset=\"https:\/\/campuscpp.com.br\/wp-content\/uploads\/2021\/12\/tai4-1024x493.png 1024w, https:\/\/campuscpp.com.br\/wp-content\/uploads\/2021\/12\/tai4-300x144.png 300w, https:\/\/campuscpp.com.br\/wp-content\/uploads\/2021\/12\/tai4-768x370.png 768w, https:\/\/campuscpp.com.br\/wp-content\/uploads\/2021\/12\/tai4.png 1300w\" sizes=\"auto, (max-width: 800px) 100vw, 800px\" \/>\t\t\t\t\t\t\t\t\t\t\t\t\t\t\t<\/div>\n\t\t\t\t<\/div>\n\t\t\t\t\t<\/div>\n\t\t<\/div>\n\t\t\t\t<div class=\"elementor-column elementor-col-50 elementor-inner-column elementor-element elementor-element-7e15153\" data-id=\"7e15153\" data-element_type=\"column\">\n\t\t\t<div class=\"elementor-widget-wrap elementor-element-populated\">\n\t\t\t\t\t\t\t\t<div class=\"elementor-element elementor-element-b9e1057 elementor-invisible elementor-widget elementor-widget-text-editor\" data-id=\"b9e1057\" data-element_type=\"widget\" data-settings=\"{&quot;_animation&quot;:&quot;fadeIn&quot;,&quot;_animation_mobile&quot;:&quot;fadeIn&quot;,&quot;_animation_delay&quot;:700}\" data-widget_type=\"text-editor.default\">\n\t\t\t\t<div class=\"elementor-widget-container\">\n\t\t\t\t\t\t\t<p style=\"text-align: center;\"><span style=\"color: #ffffff;\">Um novo espa\u00e7o para fluir a imagina\u00e7\u00e3o e desenvolver habilidades.<\/span><\/p>\t\t\t\t\t\t<\/div>\n\t\t\t\t<\/div>\n\t\t\t\t\t<\/div>\n\t\t<\/div>\n\t\t\t\t\t\t\t<\/div>\n\t\t<\/section>\n\t\t\t\t\t<\/div>\n\t\t<\/div>\n\t\t\t\t\t\t\t<\/div>\n\t\t<\/section>\n\t\t\t\t<section class=\"elementor-section elementor-top-section elementor-element elementor-element-80ada4a elementor-section-content-middle elementor-section-boxed elementor-section-height-default elementor-section-height-default\" data-id=\"80ada4a\" data-element_type=\"section\">\n\t\t\t\t\t\t\t<div class=\"elementor-background-overlay\"><\/div>\n\t\t\t\t\t\t\t<div class=\"elementor-container elementor-column-gap-default\">\n\t\t\t\t\t<div class=\"elementor-column elementor-col-100 elementor-top-column elementor-element elementor-element-395d5f2\" data-id=\"395d5f2\" data-element_type=\"column\">\n\t\t\t<div class=\"elementor-widget-wrap elementor-element-populated\">\n\t\t\t\t\t\t\t\t<section class=\"elementor-section elementor-inner-section elementor-element elementor-element-6944e9a elementor-section-boxed elementor-section-height-default elementor-section-height-default\" data-id=\"6944e9a\" data-element_type=\"section\">\n\t\t\t\t\t\t<div class=\"elementor-container elementor-column-gap-default\">\n\t\t\t\t\t<div class=\"elementor-column elementor-col-50 elementor-inner-column elementor-element elementor-element-818e19a elementor-invisible\" data-id=\"818e19a\" data-element_type=\"column\" data-settings=\"{&quot;animation&quot;:&quot;bounce&quot;}\">\n\t\t\t<div class=\"elementor-widget-wrap elementor-element-populated\">\n\t\t\t\t\t\t\t\t<div class=\"elementor-element elementor-element-0fc5738 elementor-widget elementor-widget-image\" data-id=\"0fc5738\" data-element_type=\"widget\" data-widget_type=\"image.default\">\n\t\t\t\t<div class=\"elementor-widget-container\">\n\t\t\t\t\t\t\t\t\t\t\t\t\t\t\t<img loading=\"lazy\" decoding=\"async\" width=\"768\" height=\"417\" src=\"https:\/\/campuscpp.com.br\/wp-content\/uploads\/2021\/12\/tai5-768x417.png\" class=\"elementor-animation-pop attachment-medium_large size-medium_large\" alt=\"\" srcset=\"https:\/\/campuscpp.com.br\/wp-content\/uploads\/2021\/12\/tai5-768x417.png 768w, https:\/\/campuscpp.com.br\/wp-content\/uploads\/2021\/12\/tai5-300x163.png 300w, https:\/\/campuscpp.com.br\/wp-content\/uploads\/2021\/12\/tai5-1024x556.png 1024w, https:\/\/campuscpp.com.br\/wp-content\/uploads\/2021\/12\/tai5.png 1300w\" sizes=\"auto, (max-width: 768px) 100vw, 768px\" \/>\t\t\t\t\t\t\t\t\t\t\t\t\t\t\t<\/div>\n\t\t\t\t<\/div>\n\t\t\t\t\t<\/div>\n\t\t<\/div>\n\t\t\t\t<div class=\"elementor-column elementor-col-50 elementor-inner-column elementor-element elementor-element-4b9d9f4\" data-id=\"4b9d9f4\" data-element_type=\"column\">\n\t\t\t<div class=\"elementor-widget-wrap elementor-element-populated\">\n\t\t\t\t\t\t\t\t<div class=\"elementor-element elementor-element-3a0068e animated-fast elementor-invisible elementor-widget elementor-widget-image\" data-id=\"3a0068e\" data-element_type=\"widget\" data-settings=\"{&quot;_animation&quot;:&quot;lightSpeedIn&quot;}\" data-widget_type=\"image.default\">\n\t\t\t\t<div class=\"elementor-widget-container\">\n\t\t\t\t\t\t\t\t\t\t\t\t\t\t\t<img loading=\"lazy\" decoding=\"async\" width=\"768\" height=\"279\" src=\"https:\/\/campuscpp.com.br\/wp-content\/uploads\/2021\/12\/tai6-768x279.png\" class=\"elementor-animation-wobble-to-top-right attachment-medium_large size-medium_large\" alt=\"\" srcset=\"https:\/\/campuscpp.com.br\/wp-content\/uploads\/2021\/12\/tai6-768x279.png 768w, https:\/\/campuscpp.com.br\/wp-content\/uploads\/2021\/12\/tai6-300x109.png 300w, https:\/\/campuscpp.com.br\/wp-content\/uploads\/2021\/12\/tai6-1024x372.png 1024w, https:\/\/campuscpp.com.br\/wp-content\/uploads\/2021\/12\/tai6-1536x559.png 1536w, https:\/\/campuscpp.com.br\/wp-content\/uploads\/2021\/12\/tai6.png 1672w\" sizes=\"auto, (max-width: 768px) 100vw, 768px\" \/>\t\t\t\t\t\t\t\t\t\t\t\t\t\t\t<\/div>\n\t\t\t\t<\/div>\n\t\t\t\t\t<\/div>\n\t\t<\/div>\n\t\t\t\t\t\t\t<\/div>\n\t\t<\/section>\n\t\t\t\t<div class=\"elementor-element elementor-element-7c15337 elementor-widget__width-initial elementor-absolute elementor-widget-mobile__width-initial elementor-invisible elementor-widget elementor-widget-image\" data-id=\"7c15337\" data-element_type=\"widget\" data-settings=\"{&quot;_animation&quot;:&quot;rotateIn&quot;,&quot;_animation_delay&quot;:500,&quot;_position&quot;:&quot;absolute&quot;}\" data-widget_type=\"image.default\">\n\t\t\t\t<div class=\"elementor-widget-container\">\n\t\t\t\t\t\t\t\t\t\t\t\t\t\t\t<img loading=\"lazy\" decoding=\"async\" width=\"359\" height=\"359\" src=\"https:\/\/campuscpp.com.br\/wp-content\/uploads\/2021\/12\/tool-2.gif\" class=\"elementor-animation-pop attachment-large size-large\" alt=\"\" \/>\t\t\t\t\t\t\t\t\t\t\t\t\t\t\t<\/div>\n\t\t\t\t<\/div>\n\t\t\t\t\t<\/div>\n\t\t<\/div>\n\t\t\t\t\t\t\t<\/div>\n\t\t<\/section>\n\t\t\t\t<section class=\"elementor-section elementor-top-section elementor-element elementor-element-dff12e6 elementor-section-boxed elementor-section-height-default elementor-section-height-default\" data-id=\"dff12e6\" data-element_type=\"section\">\n\t\t\t\t\t\t<div class=\"elementor-container elementor-column-gap-no\">\n\t\t\t\t\t<div class=\"elementor-column elementor-col-100 elementor-top-column elementor-element elementor-element-f06d084\" data-id=\"f06d084\" data-element_type=\"column\">\n\t\t\t<div class=\"elementor-widget-wrap elementor-element-populated\">\n\t\t\t\t\t\t\t\t<div class=\"elementor-element elementor-element-1734f27 elementor-hidden-desktop elementor-invisible elementor-widget elementor-widget-image\" data-id=\"1734f27\" data-element_type=\"widget\" data-settings=\"{&quot;_animation&quot;:&quot;bounceInUp&quot;}\" data-widget_type=\"image.default\">\n\t\t\t\t<div class=\"elementor-widget-container\">\n\t\t\t\t\t\t\t\t\t\t\t\t\t\t\t<img loading=\"lazy\" decoding=\"async\" width=\"1536\" height=\"423\" src=\"https:\/\/campuscpp.com.br\/wp-content\/uploads\/2021\/12\/Maker-Pequeno-1536x423.png\" class=\"elementor-animation-buzz-out attachment-1536x1536 size-1536x1536\" alt=\"\" srcset=\"https:\/\/campuscpp.com.br\/wp-content\/uploads\/2021\/12\/Maker-Pequeno-1536x423.png 1536w, https:\/\/campuscpp.com.br\/wp-content\/uploads\/2021\/12\/Maker-Pequeno-300x83.png 300w, https:\/\/campuscpp.com.br\/wp-content\/uploads\/2021\/12\/Maker-Pequeno-1024x282.png 1024w, https:\/\/campuscpp.com.br\/wp-content\/uploads\/2021\/12\/Maker-Pequeno-768x212.png 768w, https:\/\/campuscpp.com.br\/wp-content\/uploads\/2021\/12\/Maker-Pequeno.png 1659w\" sizes=\"auto, (max-width: 1536px) 100vw, 1536px\" \/>\t\t\t\t\t\t\t\t\t\t\t\t\t\t\t<\/div>\n\t\t\t\t<\/div>\n\t\t\t\t\t<\/div>\n\t\t<\/div>\n\t\t\t\t\t\t\t<\/div>\n\t\t<\/section>\n\t\t\t\t<section class=\"elementor-section elementor-top-section elementor-element elementor-element-97b5749 elementor-section-boxed elementor-section-height-default elementor-section-height-default\" data-id=\"97b5749\" data-element_type=\"section\">\n\t\t\t\t\t\t<div class=\"elementor-container elementor-column-gap-default\">\n\t\t\t\t\t<div class=\"elementor-column elementor-col-100 elementor-top-column elementor-element elementor-element-50f7924\" data-id=\"50f7924\" data-element_type=\"column\">\n\t\t\t<div class=\"elementor-widget-wrap elementor-element-populated\">\n\t\t\t\t\t\t\t\t<div class=\"elementor-element elementor-element-ecaf1c5 elementor-widget__width-initial elementor-absolute elementor-hidden-desktop elementor-widget elementor-widget-image\" data-id=\"ecaf1c5\" data-element_type=\"widget\" data-settings=\"{&quot;_position&quot;:&quot;absolute&quot;}\" data-widget_type=\"image.default\">\n\t\t\t\t<div class=\"elementor-widget-container\">\n\t\t\t\t\t\t\t\t\t\t\t\t\t\t\t<img loading=\"lazy\" decoding=\"async\" width=\"605\" height=\"605\" src=\"https:\/\/campuscpp.com.br\/wp-content\/uploads\/2021\/12\/tool-1.gif\" class=\"attachment-large size-large\" alt=\"\" \/>\t\t\t\t\t\t\t\t\t\t\t\t\t\t\t<\/div>\n\t\t\t\t<\/div>\n\t\t\t\t<div class=\"elementor-element elementor-element-4db0fe0 elementor-widget__width-initial elementor-absolute elementor-hidden-tablet elementor-hidden-mobile elementor-invisible elementor-widget elementor-widget-image\" data-id=\"4db0fe0\" data-element_type=\"widget\" data-settings=\"{&quot;_animation&quot;:&quot;fadeIn&quot;,&quot;_animation_delay&quot;:400,&quot;_position&quot;:&quot;absolute&quot;}\" data-widget_type=\"image.default\">\n\t\t\t\t<div class=\"elementor-widget-container\">\n\t\t\t\t\t\t\t\t\t\t\t\t\t\t\t<img loading=\"lazy\" decoding=\"async\" width=\"605\" height=\"605\" src=\"https:\/\/campuscpp.com.br\/wp-content\/uploads\/2021\/12\/tool-1.gif\" class=\"attachment-large size-large\" alt=\"\" \/>\t\t\t\t\t\t\t\t\t\t\t\t\t\t\t<\/div>\n\t\t\t\t<\/div>\n\t\t\t\t\t<\/div>\n\t\t<\/div>\n\t\t\t\t\t\t\t<\/div>\n\t\t<\/section>\n\t\t\t\t<section class=\"elementor-section elementor-top-section elementor-element elementor-element-258b057 elementor-section-full_width elementor-section-height-default elementor-section-height-default\" data-id=\"258b057\" data-element_type=\"section\">\n\t\t\t\t\t\t<div class=\"elementor-container elementor-column-gap-default\">\n\t\t\t\t\t<div class=\"elementor-column elementor-col-100 elementor-top-column elementor-element elementor-element-d9c5235\" data-id=\"d9c5235\" data-element_type=\"column\">\n\t\t\t<div class=\"elementor-widget-wrap elementor-element-populated\">\n\t\t\t\t\t\t\t\t<div class=\"elementor-element elementor-element-83670cf elementor-hidden-mobile elementor-invisible elementor-widget elementor-widget-image\" data-id=\"83670cf\" data-element_type=\"widget\" data-settings=\"{&quot;_animation&quot;:&quot;bounceInUp&quot;}\" data-widget_type=\"image.default\">\n\t\t\t\t<div class=\"elementor-widget-container\">\n\t\t\t\t\t\t\t\t\t\t\t\t\t\t\t<img loading=\"lazy\" decoding=\"async\" width=\"800\" height=\"123\" src=\"https:\/\/campuscpp.com.br\/wp-content\/uploads\/2021\/12\/tai7-1024x158.png\" class=\"elementor-animation-buzz-out attachment-large size-large\" alt=\"\" srcset=\"https:\/\/campuscpp.com.br\/wp-content\/uploads\/2021\/12\/tai7-1024x158.png 1024w, https:\/\/campuscpp.com.br\/wp-content\/uploads\/2021\/12\/tai7-300x46.png 300w, https:\/\/campuscpp.com.br\/wp-content\/uploads\/2021\/12\/tai7-768x118.png 768w, https:\/\/campuscpp.com.br\/wp-content\/uploads\/2021\/12\/tai7-1536x237.png 1536w, https:\/\/campuscpp.com.br\/wp-content\/uploads\/2021\/12\/tai7-2048x315.png 2048w\" sizes=\"auto, (max-width: 800px) 100vw, 800px\" \/>\t\t\t\t\t\t\t\t\t\t\t\t\t\t\t<\/div>\n\t\t\t\t<\/div>\n\t\t\t\t\t<\/div>\n\t\t<\/div>\n\t\t\t\t\t\t\t<\/div>\n\t\t<\/section>\n\t\t\t\t<section class=\"elementor-section elementor-top-section elementor-element elementor-element-bc8666b elementor-section-boxed elementor-section-height-default elementor-section-height-default\" data-id=\"bc8666b\" data-element_type=\"section\">\n\t\t\t\t\t\t<div class=\"elementor-container elementor-column-gap-default\">\n\t\t\t\t\t<div class=\"elementor-column elementor-col-100 elementor-top-column elementor-element elementor-element-920c467\" data-id=\"920c467\" data-element_type=\"column\">\n\t\t\t<div class=\"elementor-widget-wrap elementor-element-populated\">\n\t\t\t\t\t\t\t\t<div class=\"elementor-element elementor-element-3dd6e60 elementor-widget__width-initial elementor-fixed elementor-widget elementor-widget-html\" data-id=\"3dd6e60\" data-element_type=\"widget\" data-settings=\"{&quot;_position&quot;:&quot;fixed&quot;}\" data-widget_type=\"html.default\">\n\t\t\t\t<div class=\"elementor-widget-container\">\n\t\t\t<audio controls autoplay>\r\n  <source src=\"horse.ogg\" type=\"audio\/ogg\">\r\n  <source src=\"horse.mp3\" type=\"audio\/mpeg\">\r\n  Your browser does not support the audio element.\r\n<\/audio>\t\t<\/div>\n\t\t\t\t<\/div>\n\t\t\t\t\t<\/div>\n\t\t<\/div>\n\t\t\t\t\t\t\t<\/div>\n\t\t<\/section>\n\t\t\t\t\t\t<\/div>\n\t\t\t\t\t<\/div>\n\t\t","protected":false},"excerpt":{"rendered":"<p>Um novo espa\u00e7o para fluir a imagina\u00e7\u00e3o e desenvolver habilidades. Your browser does not support the audio element.<\/p>\n","protected":false},"author":1,"featured_media":0,"parent":0,"menu_order":0,"comment_status":"closed","ping_status":"closed","template":"elementor_canvas","meta":{"om_disable_all_campaigns":false,"_monsterinsights_skip_tracking":false,"_monsterinsights_sitenote_active":false,"_monsterinsights_sitenote_note":"","_monsterinsights_sitenote_category":0,"footnotes":""},"class_list":["post-10","page","type-page","status-publish","hentry"],"_links":{"self":[{"href":"https:\/\/campuscpp.com.br\/index.php?rest_route=\/wp\/v2\/pages\/10","targetHints":{"allow":["GET"]}}],"collection":[{"href":"https:\/\/campuscpp.com.br\/index.php?rest_route=\/wp\/v2\/pages"}],"about":[{"href":"https:\/\/campuscpp.com.br\/index.php?rest_route=\/wp\/v2\/types\/page"}],"author":[{"embeddable":true,"href":"https:\/\/campuscpp.com.br\/index.php?rest_route=\/wp\/v2\/users\/1"}],"replies":[{"embeddable":true,"href":"https:\/\/campuscpp.com.br\/index.php?rest_route=%2Fwp%2Fv2%2Fcomments&post=10"}],"version-history":[{"count":511,"href":"https:\/\/campuscpp.com.br\/index.php?rest_route=\/wp\/v2\/pages\/10\/revisions"}],"predecessor-version":[{"id":545,"href":"https:\/\/campuscpp.com.br\/index.php?rest_route=\/wp\/v2\/pages\/10\/revisions\/545"}],"wp:attachment":[{"href":"https:\/\/campuscpp.com.br\/index.php?rest_route=%2Fwp%2Fv2%2Fmedia&parent=10"}],"curies":[{"name":"wp","href":"https:\/\/api.w.org\/{rel}","templated":true}]}}